{"id":149,"date":"2020-11-20T10:56:32","date_gmt":"2020-11-20T13:56:32","guid":{"rendered":"http:\/\/trevofotoclube.com.br\/?page_id=149"},"modified":"2025-02-11T20:26:23","modified_gmt":"2025-02-11T23:26:23","slug":"seja-associado","status":"publish","type":"page","link":"https:\/\/trevofotoclube.com.br\/index.php\/seja-associado\/","title":{"rendered":"Seja Associado"},"content":{"rendered":"\t\t<div data-elementor-type=\"wp-post\" data-elementor-id=\"149\" class=\"elementor elementor-149\" data-elementor-settings=\"[]\">\n\t\t\t\t\t\t<div class=\"elementor-inner\">\n\t\t\t\t\t\t\t<div class=\"elementor-section-wrap\">\n\t\t\t\t\t\t\t<section class=\"elementor-section elementor-top-section elementor-element elementor-element-5919885 elementor-section-boxed elementor-section-height-default elementor-section-height-default\" data-id=\"5919885\" data-element_type=\"section\">\n\t\t\t\t\t\t<div class=\"elementor-container elementor-column-gap-default\">\n\t\t\t\t\t\t\t<div class=\"elementor-row\">\n\t\t\t\t\t<div class=\"elementor-column elementor-col-100 elementor-top-column elementor-element elementor-element-77e23cb\" data-id=\"77e23cb\" data-element_type=\"column\">\n\t\t\t<div class=\"elementor-column-wrap elementor-element-populated\">\n\t\t\t\t\t\t\t<div class=\"elementor-widget-wrap\">\n\t\t\t\t\t\t<div class=\"elementor-element elementor-element-4aecb0c elementor-widget elementor-widget-heading\" data-id=\"4aecb0c\" data-element_type=\"widget\" data-widget_type=\"heading.default\">\n\t\t\t\t<div class=\"elementor-widget-container\">\n\t\t\t<h3 class=\"elementor-heading-title elementor-size-default\">Convite para Novos Associados - Trevo Fotoclube<\/h3>\t\t<\/div>\n\t\t\t\t<\/div>\n\t\t\t\t\t\t<\/div>\n\t\t\t\t\t<\/div>\n\t\t<\/div>\n\t\t\t\t\t\t\t\t<\/div>\n\t\t\t\t\t<\/div>\n\t\t<\/section>\n\t\t\t\t<section class=\"elementor-section elementor-top-section elementor-element elementor-element-cb228bb elementor-section-boxed elementor-section-height-default elementor-section-height-default\" data-id=\"cb228bb\" data-element_type=\"section\">\n\t\t\t\t\t\t<div class=\"elementor-container elementor-column-gap-default\">\n\t\t\t\t\t\t\t<div class=\"elementor-row\">\n\t\t\t\t\t<div class=\"elementor-column elementor-col-100 elementor-top-column elementor-element elementor-element-75835d7\" data-id=\"75835d7\" data-element_type=\"column\">\n\t\t\t<div class=\"elementor-column-wrap elementor-element-populated\">\n\t\t\t\t\t\t\t<div class=\"elementor-widget-wrap\">\n\t\t\t\t\t\t<div class=\"elementor-element elementor-element-712c399 elementor-widget elementor-widget-text-editor\" data-id=\"712c399\" data-element_type=\"widget\" data-widget_type=\"text-editor.default\">\n\t\t\t\t<div class=\"elementor-widget-container\">\n\t\t\t\t\t\t\t\t<div class=\"elementor-text-editor elementor-clearfix\">\n\t\t\t\t<p>O Trevo Fotoclube est\u00e1 com as inscri\u00e7\u00f5es abertas para novos associados, oferecendo a todos a oportunidade de participar ativamente de nossas atividades, sem restri\u00e7\u00f5es. Nosso objetivo \u00e9 valorizar os profissionais da fotografia e promover a difus\u00e3o da arte fotogr\u00e1fica em todo o estado da Bahia.Nosso projeto busca registrar, divulgar e promover eventos culturais, exposi\u00e7\u00f5es e expedi\u00e7\u00f5es fotogr\u00e1ficas por todo o Brasil, criando um espa\u00e7o para o interc\u00e2mbio de experi\u00eancias e aprendizado entre fot\u00f3grafos e entusiastas.<\/p><p>Para se associar, basta preencher a ficha de cadastro e efetuar o pagamento da contribui\u00e7\u00e3o associativa anual no valor de\u00a0<strong>R$ 150,00 (Cento e cinquenta reais)<\/strong><strong>.<\/strong> Sua ades\u00e3o fortalece nosso compromisso de representar as aspira\u00e7\u00f5es de todos os que veem na fotografia uma forma de arte e lazer.<\/p><p>Ressaltamos a import\u00e2ncia de fortalecer nossa associa\u00e7\u00e3o, reunindo for\u00e7as para representar as aspira\u00e7\u00f5es de todos os que veem na fotografia uma forma de arte e lazer.<\/p><p>Se voc\u00ea \u00e9 fot\u00f3grafo ou admirador da fotografia, junte-se a n\u00f3s e fa\u00e7a parte dessa troca enriquecedora!<\/p><p>Franquimar Souza<\/p><p>Presidente<\/p>\t\t\t\t\t<\/div>\n\t\t\t\t\t\t<\/div>\n\t\t\t\t<\/div>\n\t\t\t\t\t\t<\/div>\n\t\t\t\t\t<\/div>\n\t\t<\/div>\n\t\t\t\t\t\t\t\t<\/div>\n\t\t\t\t\t<\/div>\n\t\t<\/section>\n\t\t\t\t<section class=\"elementor-section elementor-top-section elementor-element elementor-element-bdf1135 elementor-section-boxed elementor-section-height-default elementor-section-height-default\" data-id=\"bdf1135\" data-element_type=\"section\">\n\t\t\t\t\t\t<div class=\"elementor-container elementor-column-gap-default\">\n\t\t\t\t\t\t\t<div class=\"elementor-row\">\n\t\t\t\t\t<div class=\"elementor-column elementor-col-100 elementor-top-column elementor-element elementor-element-ff93c7d\" data-id=\"ff93c7d\" data-element_type=\"column\">\n\t\t\t<div class=\"elementor-column-wrap elementor-element-populated\">\n\t\t\t\t\t\t\t<div class=\"elementor-widget-wrap\">\n\t\t\t\t\t\t<div class=\"elementor-element elementor-element-12bb0cd elementor-align-center elementor-invisible elementor-widget elementor-widget-button\" data-id=\"12bb0cd\" data-element_type=\"widget\" data-settings=\"{&quot;_animation&quot;:&quot;zoomIn&quot;}\" data-widget_type=\"button.default\">\n\t\t\t\t<div class=\"elementor-widget-container\">\n\t\t\t\t\t<div class=\"elementor-button-wrapper\">\n\t\t\t<a href=\"https:\/\/forms.gle\/oW41NCtonHtYnjg87\" target=\"_blank\" class=\"elementor-button-link elementor-button elementor-size-sm\" role=\"button\">\n\t\t\t\t\t\t<span class=\"elementor-button-content-wrapper\">\n\t\t\t\t\t\t<span class=\"elementor-button-icon elementor-align-icon-left\">\n\t\t\t\t<i aria-hidden=\"true\" class=\"far fa-image\"><\/i>\t\t\t<\/span>\n\t\t\t\t\t\t<span class=\"elementor-button-text\">FICHA DE CADASTRO<\/span>\n\t\t<\/span>\n\t\t\t\t\t<\/a>\n\t\t<\/div>\n\t\t\t\t<\/div>\n\t\t\t\t<\/div>\n\t\t\t\t\t\t<\/div>\n\t\t\t\t\t<\/div>\n\t\t<\/div>\n\t\t\t\t\t\t\t\t<\/div>\n\t\t\t\t\t<\/div>\n\t\t<\/section>\n\t\t\t\t\t\t<\/div>\n\t\t\t\t\t\t<\/div>\n\t\t\t\t\t<\/div>\n\t\t","protected":false},"excerpt":{"rendered":"<p>Convite para Novos Associados &#8211; Trevo Fotoclube O Trevo Fotoclube est\u00e1 com as inscri\u00e7\u00f5es abertas para novos associados, oferecendo a todos a oportunidade de participar ativamente de nossas atividades, sem restri\u00e7\u00f5es. Nosso objetivo \u00e9 valorizar os profissionais da fotografia e promover a difus\u00e3o da arte fotogr\u00e1fica em todo o estado da Bahia.Nosso projeto busca registrar, [&hellip;]<\/p>\n","protected":false},"author":1,"featured_media":0,"parent":0,"menu_order":0,"comment_status":"closed","ping_status":"closed","template":"","meta":{"kt_blocks_editor_width":"","footnotes":""},"class_list":["post-149","page","type-page","status-publish","hentry"],"uagb_featured_image_src":{"full":false,"thumbnail":false,"medium":false,"medium_large":false,"large":false,"1536x1536":false,"2048x2048":false,"vw-eco-nature-homepage-thumb":false,"menu-24x24":false,"menu-36x36":false,"menu-48x48":false},"uagb_author_info":{"display_name":"Admin","author_link":"https:\/\/trevofotoclube.com.br\/index.php\/author\/admin\/"},"uagb_comment_info":0,"uagb_excerpt":"Convite para Novos Associados &#8211; Trevo Fotoclube O Trevo Fotoclube est\u00e1 com as inscri\u00e7\u00f5es abertas para novos associados, oferecendo a todos a oportunidade de participar ativamente de nossas atividades, sem restri\u00e7\u00f5es. Nosso objetivo \u00e9 valorizar os profissionais da fotografia e promover a difus\u00e3o da arte fotogr\u00e1fica em todo o estado da Bahia.Nosso projeto busca registrar,&hellip;","_links":{"self":[{"href":"https:\/\/trevofotoclube.com.br\/index.php\/wp-json\/wp\/v2\/pages\/149","targetHints":{"allow":["GET"]}}],"collection":[{"href":"https:\/\/trevofotoclube.com.br\/index.php\/wp-json\/wp\/v2\/pages"}],"about":[{"href":"https:\/\/trevofotoclube.com.br\/index.php\/wp-json\/wp\/v2\/types\/page"}],"author":[{"embeddable":true,"href":"https:\/\/trevofotoclube.com.br\/index.php\/wp-json\/wp\/v2\/users\/1"}],"replies":[{"embeddable":true,"href":"https:\/\/trevofotoclube.com.br\/index.php\/wp-json\/wp\/v2\/comments?post=149"}],"version-history":[{"count":133,"href":"https:\/\/trevofotoclube.com.br\/index.php\/wp-json\/wp\/v2\/pages\/149\/revisions"}],"predecessor-version":[{"id":5895,"href":"https:\/\/trevofotoclube.com.br\/index.php\/wp-json\/wp\/v2\/pages\/149\/revisions\/5895"}],"wp:attachment":[{"href":"https:\/\/trevofotoclube.com.br\/index.php\/wp-json\/wp\/v2\/media?parent=149"}],"curies":[{"name":"wp","href":"https:\/\/api.w.org\/{rel}","templated":true}]}}