{"id":3416,"date":"2022-02-12T11:30:02","date_gmt":"2022-02-12T14:30:02","guid":{"rendered":"https:\/\/trevofotoclube.com.br\/?page_id=3416"},"modified":"2026-04-24T21:04:53","modified_gmt":"2026-04-25T00:04:53","slug":"votacao","status":"publish","type":"page","link":"https:\/\/trevofotoclube.com.br\/index.php\/votacao\/","title":{"rendered":"Vota\u00e7\u00e3o"},"content":{"rendered":"\t\t<div data-elementor-type=\"wp-page\" data-elementor-id=\"3416\" class=\"elementor elementor-3416\" data-elementor-settings=\"[]\">\n\t\t\t\t\t\t<div class=\"elementor-inner\">\n\t\t\t\t\t\t\t<div class=\"elementor-section-wrap\">\n\t\t\t\t\t\t\t<section class=\"elementor-section elementor-top-section elementor-element elementor-element-5a98a3d elementor-section-boxed elementor-section-height-default elementor-section-height-default\" data-id=\"5a98a3d\" data-element_type=\"section\">\n\t\t\t\t\t\t<div class=\"elementor-container elementor-column-gap-default\">\n\t\t\t\t\t\t\t<div class=\"elementor-row\">\n\t\t\t\t\t<div class=\"elementor-column elementor-col-100 elementor-top-column elementor-element elementor-element-c7bff9e\" data-id=\"c7bff9e\" data-element_type=\"column\">\n\t\t\t<div class=\"elementor-column-wrap elementor-element-populated\">\n\t\t\t\t\t\t\t<div class=\"elementor-widget-wrap\">\n\t\t\t\t\t\t<div class=\"elementor-element elementor-element-7a638bc elementor-widget elementor-widget-heading\" data-id=\"7a638bc\" data-element_type=\"widget\" data-widget_type=\"heading.default\">\n\t\t\t\t<div class=\"elementor-widget-container\">\n\t\t\t<h1 class=\"elementor-heading-title elementor-size-default\">TEMA A: TRABALHADORES EM A\u00c7\u00c3O - TEMA B: GRAFITE<\/h1>\t\t<\/div>\n\t\t\t\t<\/div>\n\t\t\t\t\t\t<\/div>\n\t\t\t\t\t<\/div>\n\t\t<\/div>\n\t\t\t\t\t\t\t\t<\/div>\n\t\t\t\t\t<\/div>\n\t\t<\/section>\n\t\t\t\t<section class=\"elementor-section elementor-top-section elementor-element elementor-element-92c3def elementor-section-boxed elementor-section-height-default elementor-section-height-default\" data-id=\"92c3def\" data-element_type=\"section\">\n\t\t\t\t\t\t<div class=\"elementor-container elementor-column-gap-default\">\n\t\t\t\t\t\t\t<div class=\"elementor-row\">\n\t\t\t\t\t<div class=\"elementor-column elementor-col-100 elementor-top-column elementor-element elementor-element-06af0ce\" data-id=\"06af0ce\" data-element_type=\"column\">\n\t\t\t<div class=\"elementor-column-wrap elementor-element-populated\">\n\t\t\t\t\t\t\t<div class=\"elementor-widget-wrap\">\n\t\t\t\t\t\t<div class=\"elementor-element elementor-element-7c8dd7d elementor-widget elementor-widget-image\" data-id=\"7c8dd7d\" data-element_type=\"widget\" data-widget_type=\"image.default\">\n\t\t\t\t<div class=\"elementor-widget-container\">\n\t\t\t\t\t\t\t\t<div class=\"elementor-image\">\n\t\t\t\t\t\t\t\t\t\t\t\t<img loading=\"lazy\" decoding=\"async\" width=\"640\" height=\"360\" src=\"https:\/\/trevofotoclube.com.br\/wp-content\/uploads\/2026\/01\/Desafios-768x432.jpg\" class=\"attachment-medium_large size-medium_large\" alt=\"\" srcset=\"https:\/\/trevofotoclube.com.br\/wp-content\/uploads\/2026\/01\/Desafios-768x432.jpg 768w, https:\/\/trevofotoclube.com.br\/wp-content\/uploads\/2026\/01\/Desafios-300x169.jpg 300w, https:\/\/trevofotoclube.com.br\/wp-content\/uploads\/2026\/01\/Desafios-1024x576.jpg 1024w, https:\/\/trevofotoclube.com.br\/wp-content\/uploads\/2026\/01\/Desafios-24x14.jpg 24w, https:\/\/trevofotoclube.com.br\/wp-content\/uploads\/2026\/01\/Desafios-36x20.jpg 36w, https:\/\/trevofotoclube.com.br\/wp-content\/uploads\/2026\/01\/Desafios-48x27.jpg 48w, https:\/\/trevofotoclube.com.br\/wp-content\/uploads\/2026\/01\/Desafios.jpg 1280w\" sizes=\"auto, (max-width: 640px) 100vw, 640px\" \/>\t\t\t\t\t\t\t\t\t\t\t\t\t\t<\/div>\n\t\t\t\t\t\t<\/div>\n\t\t\t\t<\/div>\n\t\t\t\t<div class=\"elementor-element elementor-element-6f2846c elementor-widget elementor-widget-heading\" data-id=\"6f2846c\" data-element_type=\"widget\" data-widget_type=\"heading.default\">\n\t\t\t\t<div class=\"elementor-widget-container\">\n\t\t\t<h2 class=\"elementor-heading-title elementor-size-xxl\">Vota\u00e7\u00e3o at\u00e9 27\/04\/2026, segunda-feira,<br>\u00e0s 20 horas<\/h2>\t\t<\/div>\n\t\t\t\t<\/div>\n\t\t\t\t<div class=\"elementor-element elementor-element-4953c20 elementor-align-center elementor-invisible elementor-widget elementor-widget-button\" data-id=\"4953c20\" data-element_type=\"widget\" data-settings=\"{&quot;_animation&quot;:&quot;zoomIn&quot;}\" data-widget_type=\"button.default\">\n\t\t\t\t<div class=\"elementor-widget-container\">\n\t\t\t\t\t<div class=\"elementor-button-wrapper\">\n\t\t\t<a href=\"https:\/\/forms.gle\/1CP6X9FSJMXacLzt8\" target=\"_blank\" class=\"elementor-button-link elementor-button elementor-size-sm\" role=\"button\">\n\t\t\t\t\t\t<span class=\"elementor-button-content-wrapper\">\n\t\t\t\t\t\t<span class=\"elementor-button-icon elementor-align-icon-left\">\n\t\t\t\t<i aria-hidden=\"true\" class=\"far fa-image\"><\/i>\t\t\t<\/span>\n\t\t\t\t\t\t<span class=\"elementor-button-text\">VOTA\u00c7\u00c3O<\/span>\n\t\t<\/span>\n\t\t\t\t\t<\/a>\n\t\t<\/div>\n\t\t\t\t<\/div>\n\t\t\t\t<\/div>\n\t\t\t\t\t\t<\/div>\n\t\t\t\t\t<\/div>\n\t\t<\/div>\n\t\t\t\t\t\t\t\t<\/div>\n\t\t\t\t\t<\/div>\n\t\t<\/section>\n\t\t\t\t\t\t<\/div>\n\t\t\t\t\t\t<\/div>\n\t\t\t\t\t<\/div>\n\t\t","protected":false},"excerpt":{"rendered":"<p>TEMA A: TRABALHADORES EM A\u00c7\u00c3O &#8211; TEMA B: GRAFITE Vota\u00e7\u00e3o at\u00e9 27\/04\/2026, segunda-feira,\u00e0s 20 horas VOTA\u00c7\u00c3O<\/p>\n","protected":false},"author":1,"featured_media":0,"parent":0,"menu_order":0,"comment_status":"closed","ping_status":"closed","template":"","meta":{"kt_blocks_editor_width":"","footnotes":""},"class_list":["post-3416","page","type-page","status-publish","hentry"],"uagb_featured_image_src":{"full":false,"thumbnail":false,"medium":false,"medium_large":false,"large":false,"1536x1536":false,"2048x2048":false,"vw-eco-nature-homepage-thumb":false,"menu-24x24":false,"menu-36x36":false,"menu-48x48":false},"uagb_author_info":{"display_name":"Admin","author_link":"https:\/\/trevofotoclube.com.br\/index.php\/author\/admin\/"},"uagb_comment_info":0,"uagb_excerpt":"TEMA A: TRABALHADORES EM A\u00c7\u00c3O &#8211; TEMA B: GRAFITE Vota\u00e7\u00e3o at\u00e9 27\/04\/2026, segunda-feira,\u00e0s 20 horas VOTA\u00c7\u00c3O","_links":{"self":[{"href":"https:\/\/trevofotoclube.com.br\/index.php\/wp-json\/wp\/v2\/pages\/3416","targetHints":{"allow":["GET"]}}],"collection":[{"href":"https:\/\/trevofotoclube.com.br\/index.php\/wp-json\/wp\/v2\/pages"}],"about":[{"href":"https:\/\/trevofotoclube.com.br\/index.php\/wp-json\/wp\/v2\/types\/page"}],"author":[{"embeddable":true,"href":"https:\/\/trevofotoclube.com.br\/index.php\/wp-json\/wp\/v2\/users\/1"}],"replies":[{"embeddable":true,"href":"https:\/\/trevofotoclube.com.br\/index.php\/wp-json\/wp\/v2\/comments?post=3416"}],"version-history":[{"count":223,"href":"https:\/\/trevofotoclube.com.br\/index.php\/wp-json\/wp\/v2\/pages\/3416\/revisions"}],"predecessor-version":[{"id":8101,"href":"https:\/\/trevofotoclube.com.br\/index.php\/wp-json\/wp\/v2\/pages\/3416\/revisions\/8101"}],"wp:attachment":[{"href":"https:\/\/trevofotoclube.com.br\/index.php\/wp-json\/wp\/v2\/media?parent=3416"}],"curies":[{"name":"wp","href":"https:\/\/api.w.org\/{rel}","templated":true}]}}