{"id":778,"date":"2020-12-26T16:23:52","date_gmt":"2020-12-26T19:23:52","guid":{"rendered":"http:\/\/trevofotoclube.com.br\/?page_id=778"},"modified":"2026-03-17T12:02:23","modified_gmt":"2026-03-17T15:02:23","slug":"http-trevofotoclube-com-br-index-php-desafios-virtuais-regulamento","status":"publish","type":"page","link":"https:\/\/trevofotoclube.com.br\/index.php\/desafios-virtuais\/http-trevofotoclube-com-br-index-php-desafios-virtuais-regulamento\/","title":{"rendered":"Regulamento"},"content":{"rendered":"\t\t<div data-elementor-type=\"wp-post\" data-elementor-id=\"778\" class=\"elementor elementor-778\" data-elementor-settings=\"[]\">\n\t\t\t\t\t\t<div class=\"elementor-inner\">\n\t\t\t\t\t\t\t<div class=\"elementor-section-wrap\">\n\t\t\t\t\t\t\t<section class=\"elementor-section elementor-top-section elementor-element elementor-element-c9c0e1d elementor-section-boxed elementor-section-height-default elementor-section-height-default\" data-id=\"c9c0e1d\" data-element_type=\"section\">\n\t\t\t\t\t\t<div class=\"elementor-container elementor-column-gap-default\">\n\t\t\t\t\t\t\t<div class=\"elementor-row\">\n\t\t\t\t\t<div class=\"elementor-column elementor-col-100 elementor-top-column elementor-element elementor-element-35d3e82\" data-id=\"35d3e82\" data-element_type=\"column\">\n\t\t\t<div class=\"elementor-column-wrap elementor-element-populated\">\n\t\t\t\t\t\t\t<div class=\"elementor-widget-wrap\">\n\t\t\t\t\t\t<div class=\"elementor-element elementor-element-be4f495 elementor-widget elementor-widget-heading\" data-id=\"be4f495\" data-element_type=\"widget\" data-widget_type=\"heading.default\">\n\t\t\t\t<div class=\"elementor-widget-container\">\n\t\t\t<h2 class=\"elementor-heading-title elementor-size-default\">Regulamento dos Desafios Virtuais - 5\u00aa Temporada - 2006<\/h2>\t\t<\/div>\n\t\t\t\t<\/div>\n\t\t\t\t\t\t<\/div>\n\t\t\t\t\t<\/div>\n\t\t<\/div>\n\t\t\t\t\t\t\t\t<\/div>\n\t\t\t\t\t<\/div>\n\t\t<\/section>\n\t\t\t\t<section class=\"elementor-section elementor-top-section elementor-element elementor-element-65931c7 elementor-section-boxed elementor-section-height-default elementor-section-height-default\" data-id=\"65931c7\" data-element_type=\"section\">\n\t\t\t\t\t\t<div class=\"elementor-container elementor-column-gap-default\">\n\t\t\t\t\t\t\t<div class=\"elementor-row\">\n\t\t\t\t\t<div class=\"elementor-column elementor-col-100 elementor-top-column elementor-element elementor-element-1955fe8\" data-id=\"1955fe8\" data-element_type=\"column\">\n\t\t\t<div class=\"elementor-column-wrap elementor-element-populated\">\n\t\t\t\t\t\t\t<div class=\"elementor-widget-wrap\">\n\t\t\t\t\t\t<div class=\"elementor-element elementor-element-60f4092 elementor-widget elementor-widget-text-editor\" data-id=\"60f4092\" data-element_type=\"widget\" data-widget_type=\"text-editor.default\">\n\t\t\t\t<div class=\"elementor-widget-container\">\n\t\t\t\t\t\t\t\t<div class=\"elementor-text-editor elementor-clearfix\">\n\t\t\t\t<p><strong>1.OBJETIVO<\/strong><\/p>\n<p>1.1. Os Desafios Virtuais s\u00e3o concursos internos realizados entre os Associados do Trevo Fotoclube, com o objetivo de estimular a criatividade, a pr\u00e1tica e a t\u00e9cnica fotogr\u00e1fica.<\/p>\n<p>1.2. A recompensa est\u00e1 na aprendizagem adquirida e no aperfei\u00e7oamento alcan\u00e7ado a cada desafio proposto.<\/p>\n<p><strong>2.PER\u00cdODO<\/strong><\/p>\n<p>2.1. Os Desafios Virtuais ocorrer\u00e3o de janeiro a agosto de 2026.<\/p>\n<p><strong>3.PARTICIPA\u00c7\u00c3O<\/strong><\/p>\n<p>3.1. A participa\u00e7\u00e3o \u00e9 exclusiva para os Associados do Trevo Fotoclube, que estejam regulares com as obriga\u00e7\u00f5es sociais.<\/p>\n<p>3.2. N\u00e3o haver\u00e1 recompensas materiais pela participa\u00e7\u00e3o.<\/p>\n<p><strong>4.TEMAS<\/strong><\/p>\n<p>4.1. Os temas de cada Desafio ser\u00e3o definidos e informados pela Diretoria do Trevo Fotoclube atrav\u00e9s dos grupos de WhatsApp e Redes Sociais.<\/p>\n<p>4.2. As fotos podem ser em COR (colorido) ou P&amp;B (preto e branco), de acordo com o tema.<\/p>\n<p>4.3. Cada Desafio ter\u00e1 2 (dois) temas, o participante enviar\u00e1 foto para um dos temas \u00e0 sua escolha.<\/p>\n<p><strong>5.ENVIO DA FOTO<\/strong><\/p>\n<p>5.1. N\u00e3o h\u00e1 restri\u00e7\u00f5es t\u00e9cnicas para as fotografias.<\/p>\n<p>5.2. Cada participante pode submeter apenas uma (1) foto por desafio e n\u00e3o pode alter\u00e1-la ap\u00f3s o envio, exceto mediante solicita\u00e7\u00e3o.<\/p>\n<p>5.3. O autor assume total responsabilidade pela foto enviada, isentando o Trevo Fotoclube de qualquer quest\u00e3o civil ou criminal relacionada a pessoas, animais ou objetos retratados.<\/p>\n<p>5.4. O autor autoriza a divulga\u00e7\u00e3o da foto em m\u00eddias sociais ou impressas para assuntos relacionados ao Desafio.<\/p>\n<p>5.5. O autor autoriza a inclus\u00e3o da foto nos \u00e1lbuns digitais do acervo do Fotoclube.<\/p>\n<p>5.6. Fotos de cunho ofensivo ou preconceituoso ser\u00e3o exclu\u00eddas do Desafio.<\/p>\n<p>5.7. A foto deve ser enviada em formato JPG com tamanho m\u00e1ximo de 3MB, nos formatos 2X2 (quadradda) 2X3 \/ 4X6 ou (horizontal) ou 3&#215;2 \/ 6X4 (vertical).<\/p>\n<p>5.8. O arquivo deve ser renomeado com o t\u00edtulo da foto (inclus\u00e3o de t\u00edtulo \u00e9 obrigat\u00f3ria). Exemplo: <strong>Lembran\u00e7as.jpg<\/strong>.<\/p>\n<ul>\n<li>1\u00ba. N\u00e3o coloque marca d&#8217;\u00e1gua na foto.<\/li>\n<li>2\u00ba. O arquivo ser\u00e1 identificado no Desafio pelo nome escolhido.<\/li>\n<li><strong> 3\u00ba. Fotos que n\u00e3o atendam a estas regras resultar\u00e3o na perda da maior nota atribu\u00edda \u00e0 foto do participante.<\/strong><\/li>\n<\/ul>\n<p>5.9. Utilize o link (Google Forms ou site) para enviar a foto.<\/p>\n<p>5.10. Preencha o formul\u00e1rio de envio corretamente.<\/p>\n<p>5.11. Verifique o e-mail para confirma\u00e7\u00e3o do envio, que garante a participa\u00e7\u00e3o.<\/p>\n<p><strong>6.VOTA\u00c7\u00c3O<\/strong><\/p>\n<p>6.1. A vota\u00e7\u00e3o \u00e9 feita online e \u00e9 exclusiva para Associados, membros do WhatsApp do Trevo Fotoclube e\/ou J\u00fari T\u00e9cnico convidado.<\/p>\n<p>6.2. Vote dentro do prazo, acessando o \u00e1lbum de Desafios no site para visualizar as fotos participantes.<\/p>\n<p>6.3. Todos que enviaram fotos devem votar; a aus\u00eancia de voto resultar\u00e1 na perda da maior nota atribu\u00edda \u00e0 foto do participante.<\/p>\n<p>6.4. Regras de vota\u00e7\u00e3o:<\/p>\n<ul>\n<li>A pr\u00f3pria foto deve receber qualquer nota a qual ser\u00e1 descartada.<\/li>\n<li>Escala de notas:\n<ul>\n<li>1 a 5: Pr\u00f3pria foto (descartada)<\/li>\n<li>1: Fora do tema<\/li>\n<li>2: P\u00e9ssima<\/li>\n<li>3: Regular<\/li>\n<li>4: Boa<\/li>\n<li>5: Excelente<\/li>\n<\/ul>\n<\/li>\n<li><strong>A vota\u00e7\u00e3o que divergir mais de 20% da m\u00e9dia do grupo ser\u00e1 anulada.<\/strong><\/li>\n<\/ul>\n<p><strong>7.PONTUA\u00c7\u00c3O<\/strong><\/p>\n<p>7.1. Os participantes pontuam no ranking interno conforme as regras estabelecidas.<\/p>\n<p><strong>8.APURA\u00c7\u00c3O DOS VOTOS<\/strong><\/p>\n<p>8.1. A maior e a menor nota recebida por cada foto ser\u00e3o descartadas na tabula\u00e7\u00e3o.<\/p>\n<p>8.2. A nota atribu\u00edda pelo participante \u00e0 pr\u00f3pria foto tamb\u00e9m ser\u00e1 descartada.<\/p>\n<p>8.3. A nota atribu\u00edda \u00e0 foto vencedora ser\u00e1 somada \u00e0 pontua\u00e7\u00e3o do participante que a concedeu.<\/p>\n<p><strong>9.CLASSIFICA\u00c7\u00c3O<\/strong><\/p>\n<p>9.1. As fotos ser\u00e3o classificadas com base nos votos recebidos.<\/p>\n<p>9.2. As fotos em 1\u00ba, 2\u00ba e 3\u00ba lugares ser\u00e3o destacadas nas Redes Sociais do Fotoclube.<\/p>\n<p>9.3. Fotos do 4\u00ba ao 10\u00ba lugar receber\u00e3o Men\u00e7\u00e3o Honrosa.<\/p>\n<p>9.4. Em caso de empate, prevalecer\u00e1 a maior quantidade de notas altas. Persistindo o empate, valer\u00e1 a ordem do envio da foto: data e hor\u00e1rio.<\/p>\n<p><strong>10.RESULTADOS<\/strong><\/p>\n<p>10.1. Os resultados ser\u00e3o divulgados no site do Trevo Fotoclube e grupos de WhatsApp.<\/p>\n<p>10.2. A classifica\u00e7\u00e3o geral tamb\u00e9m ser\u00e1 publicada.<\/p>\n<p><strong>11.RANKING E MOSTRA FOTOGR\u00c1FICA<\/strong><\/p>\n<p>11.1. Em caso de Mostra Fotogr\u00e1fica, \u00e9 necess\u00e1rio estar regular com as obriga\u00e7\u00f5es sociais para participar. Os 20 primeiros classificados no ranking participar\u00e3o da Mostra Fotogr\u00e1fica, com data e local a serem definidos.<\/p>\n<p>11.2. A foto exposta dever\u00e1 ser uma das participantes dos Desafios Virtuais e passar pela curadoria da Diretoria.<\/p>\n<p>11.3. Os custos da Mostra ser\u00e3o rateados entre os participantes.<\/p>\n<p><strong>12.CASOS OMISSOS<\/strong><\/p>\n<p>12.1. Situa\u00e7\u00f5es n\u00e3o previstas neste Regulamento ser\u00e3o resolvidas pela Diretoria.<\/p>\n<p>Salvador, janeiro\/2026.<\/p>\n<p><strong>FRANQUIMAR FERREIRA DE SOUZA<\/strong><\/p>\n<p>Presidente<\/p>\n<p>Trevo Fotoclube<\/p>\t\t\t\t\t<\/div>\n\t\t\t\t\t\t<\/div>\n\t\t\t\t<\/div>\n\t\t\t\t\t\t<\/div>\n\t\t\t\t\t<\/div>\n\t\t<\/div>\n\t\t\t\t\t\t\t\t<\/div>\n\t\t\t\t\t<\/div>\n\t\t<\/section>\n\t\t\t\t\t\t<\/div>\n\t\t\t\t\t\t<\/div>\n\t\t\t\t\t<\/div>\n\t\t","protected":false},"excerpt":{"rendered":"<p>Regulamento dos Desafios Virtuais &#8211; 5\u00aa Temporada &#8211; 2006 1.OBJETIVO 1.1. Os Desafios Virtuais s\u00e3o concursos internos realizados entre os Associados do Trevo Fotoclube, com o objetivo de estimular a criatividade, a pr\u00e1tica e a t\u00e9cnica fotogr\u00e1fica. 1.2. A recompensa est\u00e1 na aprendizagem adquirida e no aperfei\u00e7oamento alcan\u00e7ado a cada desafio proposto. 2.PER\u00cdODO 2.1. Os [&hellip;]<\/p>\n","protected":false},"author":1,"featured_media":0,"parent":418,"menu_order":0,"comment_status":"closed","ping_status":"closed","template":"","meta":{"kt_blocks_editor_width":"","footnotes":""},"class_list":["post-778","page","type-page","status-publish","hentry"],"uagb_featured_image_src":{"full":false,"thumbnail":false,"medium":false,"medium_large":false,"large":false,"1536x1536":false,"2048x2048":false,"vw-eco-nature-homepage-thumb":false,"menu-24x24":false,"menu-36x36":false,"menu-48x48":false},"uagb_author_info":{"display_name":"Admin","author_link":"https:\/\/trevofotoclube.com.br\/index.php\/author\/admin\/"},"uagb_comment_info":0,"uagb_excerpt":"Regulamento dos Desafios Virtuais &#8211; 5\u00aa Temporada &#8211; 2006 1.OBJETIVO 1.1. Os Desafios Virtuais s\u00e3o concursos internos realizados entre os Associados do Trevo Fotoclube, com o objetivo de estimular a criatividade, a pr\u00e1tica e a t\u00e9cnica fotogr\u00e1fica. 1.2. A recompensa est\u00e1 na aprendizagem adquirida e no aperfei\u00e7oamento alcan\u00e7ado a cada desafio proposto. 2.PER\u00cdODO 2.1. Os&hellip;","_links":{"self":[{"href":"https:\/\/trevofotoclube.com.br\/index.php\/wp-json\/wp\/v2\/pages\/778","targetHints":{"allow":["GET"]}}],"collection":[{"href":"https:\/\/trevofotoclube.com.br\/index.php\/wp-json\/wp\/v2\/pages"}],"about":[{"href":"https:\/\/trevofotoclube.com.br\/index.php\/wp-json\/wp\/v2\/types\/page"}],"author":[{"embeddable":true,"href":"https:\/\/trevofotoclube.com.br\/index.php\/wp-json\/wp\/v2\/users\/1"}],"replies":[{"embeddable":true,"href":"https:\/\/trevofotoclube.com.br\/index.php\/wp-json\/wp\/v2\/comments?post=778"}],"version-history":[{"count":128,"href":"https:\/\/trevofotoclube.com.br\/index.php\/wp-json\/wp\/v2\/pages\/778\/revisions"}],"predecessor-version":[{"id":7742,"href":"https:\/\/trevofotoclube.com.br\/index.php\/wp-json\/wp\/v2\/pages\/778\/revisions\/7742"}],"up":[{"embeddable":true,"href":"https:\/\/trevofotoclube.com.br\/index.php\/wp-json\/wp\/v2\/pages\/418"}],"wp:attachment":[{"href":"https:\/\/trevofotoclube.com.br\/index.php\/wp-json\/wp\/v2\/media?parent=778"}],"curies":[{"name":"wp","href":"https:\/\/api.w.org\/{rel}","templated":true}]}}