{"id":90,"date":"2020-11-16T22:10:10","date_gmt":"2020-11-17T01:10:10","guid":{"rendered":"http:\/\/trevofotoclube.com.br\/?page_id=90"},"modified":"2022-08-08T19:11:34","modified_gmt":"2022-08-08T22:11:34","slug":"diretoria","status":"publish","type":"page","link":"https:\/\/trevofotoclube.com.br\/index.php\/diretoria\/","title":{"rendered":"Diretoria"},"content":{"rendered":"\t\t<div data-elementor-type=\"wp-post\" data-elementor-id=\"90\" class=\"elementor elementor-90\" data-elementor-settings=\"[]\">\n\t\t\t\t\t\t<div class=\"elementor-inner\">\n\t\t\t\t\t\t\t<div class=\"elementor-section-wrap\">\n\t\t\t\t\t\t\t<section class=\"elementor-section elementor-top-section elementor-element elementor-element-d7c77f7 elementor-section-boxed elementor-section-height-default elementor-section-height-default\" data-id=\"d7c77f7\" data-element_type=\"section\">\n\t\t\t\t\t\t<div class=\"elementor-container elementor-column-gap-default\">\n\t\t\t\t\t\t\t<div class=\"elementor-row\">\n\t\t\t\t\t<div class=\"elementor-column elementor-col-100 elementor-top-column elementor-element elementor-element-1e70112\" data-id=\"1e70112\" data-element_type=\"column\">\n\t\t\t<div class=\"elementor-column-wrap elementor-element-populated\">\n\t\t\t\t\t\t\t<div class=\"elementor-widget-wrap\">\n\t\t\t\t\t\t<div class=\"elementor-element elementor-element-7736b77 elementor-widget elementor-widget-heading\" data-id=\"7736b77\" data-element_type=\"widget\" data-widget_type=\"heading.default\">\n\t\t\t\t<div class=\"elementor-widget-container\">\n\t\t\t<h2 class=\"elementor-heading-title elementor-size-default\"><b style=\"\">Diretoria<\/b><\/h2>\t\t<\/div>\n\t\t\t\t<\/div>\n\t\t\t\t<section class=\"elementor-section elementor-inner-section elementor-element elementor-element-f5bf4a4 elementor-section-boxed elementor-section-height-default elementor-section-height-default\" data-id=\"f5bf4a4\" data-element_type=\"section\">\n\t\t\t\t\t\t<div class=\"elementor-container elementor-column-gap-default\">\n\t\t\t\t\t\t\t<div class=\"elementor-row\">\n\t\t\t\t\t<div class=\"elementor-column elementor-col-50 elementor-inner-column elementor-element elementor-element-c45ddf6\" data-id=\"c45ddf6\" data-element_type=\"column\">\n\t\t\t<div class=\"elementor-column-wrap elementor-element-populated\">\n\t\t\t\t\t\t\t<div class=\"elementor-widget-wrap\">\n\t\t\t\t\t\t<div class=\"elementor-element elementor-element-782318e elementor-widget elementor-widget-image\" data-id=\"782318e\" data-element_type=\"widget\" data-widget_type=\"image.default\">\n\t\t\t\t<div class=\"elementor-widget-container\">\n\t\t\t\t\t\t\t\t<div class=\"elementor-image\">\n\t\t\t\t\t\t\t\t\t<figure class=\"wp-caption\">\n\t\t\t\t\t\t\t\t\t\t<img decoding=\"async\" src=\"https:\/\/trevofotoclube.com.br\/wp-content\/uploads\/elementor\/thumbs\/Franquimar-p6i0sbi4jmqqpai95kurft61rgr9tbs6lzk2wyrnog.jpg\" title=\"Franquimar\" alt=\"Franquimar\" \/>\t\t\t\t\t\t\t\t\t\t\t<figcaption class=\"widget-image-caption wp-caption-text\">Franquimar Souza - Presidente<\/figcaption>\n\t\t\t\t\t\t\t\t\t\t<\/figure>\n\t\t\t\t\t\t\t\t<\/div>\n\t\t\t\t\t\t<\/div>\n\t\t\t\t<\/div>\n\t\t\t\t\t\t<\/div>\n\t\t\t\t\t<\/div>\n\t\t<\/div>\n\t\t\t\t<div class=\"elementor-column elementor-col-50 elementor-inner-column elementor-element elementor-element-cab2a5f\" data-id=\"cab2a5f\" data-element_type=\"column\">\n\t\t\t<div class=\"elementor-column-wrap elementor-element-populated\">\n\t\t\t\t\t\t\t<div class=\"elementor-widget-wrap\">\n\t\t\t\t\t\t<div class=\"elementor-element elementor-element-3892b1c elementor-widget elementor-widget-text-editor\" data-id=\"3892b1c\" data-element_type=\"widget\" data-widget_type=\"text-editor.default\">\n\t\t\t\t<div class=\"elementor-widget-container\">\n\t\t\t\t\t\t\t\t<div class=\"elementor-text-editor elementor-clearfix\">\n\t\t\t\t<h4><span style=\"font-weight: normal;\">Presidente:<\/span><br>Franquimar Souza<\/h4>\n<h4><span style=\"font-weight: normal;\">Diretor de Fotografia:<\/span><br>M\u00e1rcio Rog\u00e9rio<\/h4>\n<h4><span style=\"font-weight: normal;\">Diretora Administrativa:<\/span><br>Selymara Freitas<\/h4>\n<h4><span style=\"font-weight: normal;\">Conselho Fiscal:<\/span><br>Camila Cristina Santana<br>L\u00edvia Dinorath de Oliveira<\/h4>\t\t\t\t\t<\/div>\n\t\t\t\t\t\t<\/div>\n\t\t\t\t<\/div>\n\t\t\t\t\t\t<\/div>\n\t\t\t\t\t<\/div>\n\t\t<\/div>\n\t\t\t\t\t\t\t\t<\/div>\n\t\t\t\t\t<\/div>\n\t\t<\/section>\n\t\t\t\t\t\t<\/div>\n\t\t\t\t\t<\/div>\n\t\t<\/div>\n\t\t\t\t\t\t\t\t<\/div>\n\t\t\t\t\t<\/div>\n\t\t<\/section>\n\t\t\t\t\t\t<\/div>\n\t\t\t\t\t\t<\/div>\n\t\t\t\t\t<\/div>\n\t\t","protected":false},"excerpt":{"rendered":"<p>Diretoria Franquimar Souza &#8211; Presidente Presidente:Franquimar Souza Diretor de Fotografia:M\u00e1rcio Rog\u00e9rio Diretora Administrativa:Selymara Freitas Conselho Fiscal:Camila Cristina SantanaL\u00edvia Dinorath de Oliveira<\/p>\n","protected":false},"author":1,"featured_media":0,"parent":0,"menu_order":0,"comment_status":"closed","ping_status":"closed","template":"","meta":{"kt_blocks_editor_width":"","footnotes":""},"class_list":["post-90","page","type-page","status-publish","hentry"],"uagb_featured_image_src":{"full":false,"thumbnail":false,"medium":false,"medium_large":false,"large":false,"1536x1536":false,"2048x2048":false,"vw-eco-nature-homepage-thumb":false,"menu-24x24":false,"menu-36x36":false,"menu-48x48":false},"uagb_author_info":{"display_name":"Admin","author_link":"https:\/\/trevofotoclube.com.br\/index.php\/author\/admin\/"},"uagb_comment_info":0,"uagb_excerpt":"Diretoria Franquimar Souza &#8211; Presidente Presidente:Franquimar Souza Diretor de Fotografia:M\u00e1rcio Rog\u00e9rio Diretora Administrativa:Selymara Freitas Conselho Fiscal:Camila Cristina SantanaL\u00edvia Dinorath de Oliveira","_links":{"self":[{"href":"https:\/\/trevofotoclube.com.br\/index.php\/wp-json\/wp\/v2\/pages\/90","targetHints":{"allow":["GET"]}}],"collection":[{"href":"https:\/\/trevofotoclube.com.br\/index.php\/wp-json\/wp\/v2\/pages"}],"about":[{"href":"https:\/\/trevofotoclube.com.br\/index.php\/wp-json\/wp\/v2\/types\/page"}],"author":[{"embeddable":true,"href":"https:\/\/trevofotoclube.com.br\/index.php\/wp-json\/wp\/v2\/users\/1"}],"replies":[{"embeddable":true,"href":"https:\/\/trevofotoclube.com.br\/index.php\/wp-json\/wp\/v2\/comments?post=90"}],"version-history":[{"count":38,"href":"https:\/\/trevofotoclube.com.br\/index.php\/wp-json\/wp\/v2\/pages\/90\/revisions"}],"predecessor-version":[{"id":4310,"href":"https:\/\/trevofotoclube.com.br\/index.php\/wp-json\/wp\/v2\/pages\/90\/revisions\/4310"}],"wp:attachment":[{"href":"https:\/\/trevofotoclube.com.br\/index.php\/wp-json\/wp\/v2\/media?parent=90"}],"curies":[{"name":"wp","href":"https:\/\/api.w.org\/{rel}","templated":true}]}}